{"id":749,"date":"2024-04-12T12:01:37","date_gmt":"2024-04-12T12:01:37","guid":{"rendered":"https:\/\/pvoil.untitledbigtechcompany.com\/?page_id=749"},"modified":"2024-08-21T21:04:15","modified_gmt":"2024-08-21T21:04:15","slug":"che-tao-cau-kien-nganh-dau-khi","status":"publish","type":"page","link":"https:\/\/pvpipe.vn\/en\/san-pham-dich-vu\/che-tao-cau-kien-nganh-dau-khi","title":{"rendered":"Accessories in Oil\/Gas industry"},"content":{"rendered":"<div data-elementor-type=\"wp-page\" data-elementor-id=\"749\" class=\"elementor elementor-749\" data-elementor-post-type=\"page\">\n\t\t\t\t<div data-ekit-particles-enable=\"yes\" class=\"ekit-particles elementor-element elementor-element-1f546d28 e-flex e-con-boxed e-con e-parent\" data-ekit-particles=\"https:\/\/pvpipe.vn\/wp-content\/plugins\/elementskit\/modules\/particles\/assets\/json\/default.json\" data-ekit-particles-type=\"preset\" data-id=\"1f546d28\" data-element_type=\"container\" data-settings=\"{&quot;background_background&quot;:&quot;classic&quot;,&quot;ekit_has_onepagescroll_dot&quot;:&quot;yes&quot;}\">\n\t\t\t\t\t<div class=\"e-con-inner\">\n\t\t\t\t<div class=\"elementor-element elementor-element-64acc38e elementor-widget__width-initial elementor-widget elementor-widget-heading\" data-id=\"64acc38e\" data-element_type=\"widget\" data-settings=\"{&quot;ekit_we_effect_on&quot;:&quot;none&quot;}\" data-widget_type=\"heading.default\">\n\t\t\t\t<div class=\"elementor-widget-container\">\n\t\t\t<h2 class=\"elementor-heading-title elementor-size-xxl\">Accessories in Oil\/Gas industry<\/h2>\t\t<\/div>\n\t\t\t\t<\/div>\n\t\t\t\t\t<\/div>\n\t\t\t\t<\/div>\n\t\t<div class=\"elementor-element elementor-element-8c1016d e-flex e-con-boxed e-con e-parent\" data-id=\"8c1016d\" data-element_type=\"container\" data-settings=\"{&quot;ekit_has_onepagescroll_dot&quot;:&quot;yes&quot;}\">\n\t\t\t\t\t<div class=\"e-con-inner\">\n\t\t\t\t<div class=\"elementor-element elementor-element-27c7244 elementor-widget elementor-widget-spacer\" data-id=\"27c7244\" data-element_type=\"widget\" data-settings=\"{&quot;ekit_we_effect_on&quot;:&quot;none&quot;}\" data-widget_type=\"spacer.default\">\n\t\t\t\t<div class=\"elementor-widget-container\">\n\t\t\t\t\t<div class=\"elementor-spacer\">\n\t\t\t<div class=\"elementor-spacer-inner\"><\/div>\n\t\t<\/div>\n\t\t\t\t<\/div>\n\t\t\t\t<\/div>\n\t\t\t\t<div class=\"elementor-element elementor-element-c61c2e3 elementor-widget elementor-widget-elementskit-breadcrumb\" data-id=\"c61c2e3\" data-element_type=\"widget\" data-settings=\"{&quot;ekit_we_effect_on&quot;:&quot;none&quot;}\" data-widget_type=\"elementskit-breadcrumb.default\">\n\t\t\t\t<div class=\"elementor-widget-container\">\n\t\t\t<div class=\"ekit-wid-con\" ><ol class=\"ekit-breadcrumb\"><li class=\"ekit_breadcrumbs_start\"><a href=\"https:\/\/pvpipe.vn\/en\">Home<\/a><\/li><\/ol><\/div>\t\t<\/div>\n\t\t\t\t<\/div>\n\t\t<div class=\"elementor-element elementor-element-6ac705c e-flex e-con-boxed e-con e-child\" data-id=\"6ac705c\" data-element_type=\"container\" data-settings=\"{&quot;ekit_has_onepagescroll_dot&quot;:&quot;yes&quot;}\">\n\t\t\t\t\t<div class=\"e-con-inner\">\n\t\t<div class=\"elementor-element elementor-element-219a115 e-con-full e-flex e-con e-child\" data-id=\"219a115\" data-element_type=\"container\" data-settings=\"{&quot;ekit_has_onepagescroll_dot&quot;:&quot;yes&quot;}\">\n\t\t\t\t<div class=\"elementor-element elementor-element-45bf6e1 elementor-invisible elementor-widget elementor-widget-heading\" data-id=\"45bf6e1\" data-element_type=\"widget\" data-settings=\"{&quot;_animation&quot;:&quot;fadeIn&quot;,&quot;ekit_we_effect_on&quot;:&quot;none&quot;}\" data-widget_type=\"heading.default\">\n\t\t\t\t<div class=\"elementor-widget-container\">\n\t\t\t<h2 class=\"elementor-heading-title elementor-size-large\">Accessories in Oil\/Gas industry<\/h2>\t\t<\/div>\n\t\t\t\t<\/div>\n\t\t\t\t<div class=\"elementor-element elementor-element-bd2bbfb elementor-widget-mobile__width-inherit elementor-invisible elementor-widget elementor-widget-image\" data-id=\"bd2bbfb\" data-element_type=\"widget\" data-settings=\"{&quot;_animation&quot;:&quot;fadeIn&quot;,&quot;ekit_we_effect_on&quot;:&quot;none&quot;}\" data-widget_type=\"image.default\">\n\t\t\t\t<div class=\"elementor-widget-container\">\n\t\t\t\t\t\t\t\t\t\t\t\t\t<img decoding=\"async\" src=\"https:\/\/pvoil.untitledbigtechcompany.com\/wp-content\/uploads\/2023\/12\/tao-cau-ndk.jpg\" title=\"\" alt=\"\" loading=\"lazy\" \/>\t\t\t\t\t\t\t\t\t\t\t\t\t<\/div>\n\t\t\t\t<\/div>\n\t\t\t\t<div class=\"elementor-element elementor-element-50c4c55 elementor-widget__width-initial elementor-invisible elementor-widget elementor-widget-text-editor\" data-id=\"50c4c55\" data-element_type=\"widget\" data-settings=\"{&quot;_animation&quot;:&quot;fadeInUp&quot;,&quot;ekit_we_effect_on&quot;:&quot;none&quot;}\" data-widget_type=\"text-editor.default\">\n\t\t\t\t<div class=\"elementor-widget-container\">\n\t\t\t\t\t\t\t<p>PV PIPE manufactures accessories used in the Oil and Gas industry based on customer requirements.<\/p>\t\t\t\t\t\t<\/div>\n\t\t\t\t<\/div>\n\t\t\t\t<div class=\"elementor-element elementor-element-a72e290 elementor-widget elementor-widget-spacer\" data-id=\"a72e290\" data-element_type=\"widget\" data-settings=\"{&quot;ekit_we_effect_on&quot;:&quot;none&quot;}\" data-widget_type=\"spacer.default\">\n\t\t\t\t<div class=\"elementor-widget-container\">\n\t\t\t\t\t<div class=\"elementor-spacer\">\n\t\t\t<div class=\"elementor-spacer-inner\"><\/div>\n\t\t<\/div>\n\t\t\t\t<\/div>\n\t\t\t\t<\/div>\n\t\t\t\t<\/div>\n\t\t<div class=\"elementor-element elementor-element-0452a13 e-con-full e-flex e-con e-child\" data-id=\"0452a13\" data-element_type=\"container\" data-settings=\"{&quot;ekit_has_onepagescroll_dot&quot;:&quot;yes&quot;}\">\n\t\t\t\t<div class=\"elementor-element elementor-element-45d8a5c ekit-sticky--show_on_scroll_up elementor-widget elementor-widget-ekit-vertical-menu\" data-id=\"45d8a5c\" data-element_type=\"widget\" data-settings=\"{&quot;ekit_sticky&quot;:&quot;show_on_scroll_up&quot;,&quot;ekit_sticky_offset&quot;:{&quot;unit&quot;:&quot;px&quot;,&quot;size&quot;:20,&quot;sizes&quot;:[]},&quot;ekit_we_effect_on&quot;:&quot;none&quot;,&quot;ekit_sticky_offset_tablet&quot;:{&quot;unit&quot;:&quot;px&quot;,&quot;size&quot;:&quot;&quot;,&quot;sizes&quot;:[]},&quot;ekit_sticky_offset_mobile&quot;:{&quot;unit&quot;:&quot;px&quot;,&quot;size&quot;:&quot;&quot;,&quot;sizes&quot;:[]},&quot;ekit_sticky_on_desktop&quot;:&quot;desktop&quot;,&quot;ekit_sticky_effect_offset&quot;:{&quot;unit&quot;:&quot;px&quot;,&quot;size&quot;:0,&quot;sizes&quot;:[]},&quot;ekit_sticky_effect_offset_tablet&quot;:{&quot;unit&quot;:&quot;px&quot;,&quot;size&quot;:&quot;&quot;,&quot;sizes&quot;:[]},&quot;ekit_sticky_effect_offset_mobile&quot;:{&quot;unit&quot;:&quot;px&quot;,&quot;size&quot;:&quot;&quot;,&quot;sizes&quot;:[]}}\" data-widget_type=\"ekit-vertical-menu.default\">\n\t\t\t\t<div class=\"elementor-widget-container\">\n\t\t\t<div class=\"ekit-wid-con\">        <div \n            class=\"ekit-vertical-main-menu-wraper   badge-position-left\"\n        >\n                        <div class=\"ekit-vertical-menu-container\"><ul id=\"menu-san-pham-dich-vu\" class=\"ekit-vertical-navbar-nav submenu-click-on-\"><li id=\"menu-item-896\" class=\"menu-item menu-item-type-post_type menu-item-object-page menu-item-896 nav-item elementskit-mobile-builder-content\" data-vertical-menu=\"750px\"><a href=\"https:\/\/pvpipe.vn\/en\/san-pham-dich-vu\/ong-thep-han-thang-ho-quang-chim\" class=\"ekit-menu-nav-link\">Longitudinally Submerged Arc Welding Pipes (LSAW Pipe)<\/a><\/li>\n<li id=\"menu-item-902\" class=\"menu-item menu-item-type-post_type menu-item-object-page menu-item-902 nav-item elementskit-mobile-builder-content\" data-vertical-menu=\"750px\"><a href=\"https:\/\/pvpipe.vn\/en\/san-pham-dich-vu\/che-tao-cau-kien-nganh-dau-khi\" class=\"ekit-menu-nav-link\">Accessories in Oil\/Gas industry<\/a><\/li>\n<li id=\"menu-item-901\" class=\"menu-item menu-item-type-post_type menu-item-object-page menu-item-901 nav-item elementskit-mobile-builder-content\" data-vertical-menu=\"750px\"><a href=\"https:\/\/pvpipe.vn\/en\/san-pham-dich-vu\/thi-cong-lap-dat-thiet-bi-nganh-dau-khi\" class=\"ekit-menu-nav-link\">Construction and Installation of equipment and accessories in Petroleum Industry<\/a><\/li>\n<li id=\"menu-item-900\" class=\"menu-item menu-item-type-post_type menu-item-object-page menu-item-900 nav-item elementskit-mobile-builder-content\" data-vertical-menu=\"750px\"><a href=\"https:\/\/pvpipe.vn\/en\/san-pham-dich-vu\/dich-vu-cung-cap-thep-tam\" class=\"ekit-menu-nav-link\">Steel plate supply service<\/a><\/li>\n<li id=\"menu-item-899\" class=\"menu-item menu-item-type-post_type menu-item-object-page menu-item-899 nav-item elementskit-mobile-builder-content\" data-vertical-menu=\"750px\"><a href=\"https:\/\/pvpipe.vn\/en\/san-pham-dich-vu\/dich-vu-han\" class=\"ekit-menu-nav-link\">Welding Services<\/a><\/li>\n<li id=\"menu-item-898\" class=\"menu-item menu-item-type-post_type menu-item-object-page menu-item-898 nav-item elementskit-mobile-builder-content\" data-vertical-menu=\"750px\"><a href=\"https:\/\/pvpipe.vn\/en\/san-pham-dich-vu\/dich-vu-kiem-tra-co-hoa-tinh\" class=\"ekit-menu-nav-link\">Chemical and Mechanical Testing service<\/a><\/li>\n<li id=\"menu-item-897\" class=\"menu-item menu-item-type-post_type menu-item-object-page menu-item-897 nav-item elementskit-mobile-builder-content\" data-vertical-menu=\"750px\"><a href=\"https:\/\/pvpipe.vn\/en\/san-pham-dich-vu\/dich-vu-kiem-tra-khong-pha-huy\" class=\"ekit-menu-nav-link\">Non-destructive testing services (NDE Service)<\/a><\/li>\n<\/ul><\/div>        <\/div>\n        <\/div>\t\t<\/div>\n\t\t\t\t<\/div>\n\t\t\t\t<div class=\"elementor-element elementor-element-c978f51 elementor-widget elementor-widget-elementskit-post-list\" data-id=\"c978f51\" data-element_type=\"widget\" data-settings=\"{&quot;ekit_we_effect_on&quot;:&quot;none&quot;}\" data-widget_type=\"elementskit-post-list.default\">\n\t\t\t\t<div class=\"elementor-widget-container\">\n\t\t\t<div class=\"ekit-wid-con\" >\t\t<ul class=\"elementor-icon-list-items ekit-post-list-wrapper\">\n\t\t\t\t\t\t<li class=\"elementor-icon-list-item\">\n\t\t\t\t<a href=\"https:\/\/pvpipe.vn\/en\/hoi-nghi-nguoi-lao-dong-2025-tai-pvpipe-4385\" >\n\t\t\t\t\t\t\t\t\t\t<div class=\"ekit_post_list_content_wraper\">\n\t\t\t\t\t\t\n\t\t\t\t\t\t<span class=\"elementor-icon-list-text\">TH\u00d4NG TIN CH\u01af\u01a0NG TR\u00ccNH H\u1ed8I NGH\u1eca NG\u01af\u1edcI LAO \u0110\u1ed8NG 2025 T\u1ea0I C\u00d4NG TY C\u1ed4 PH\u1ea6N S\u1ea2N XU\u1ea4T \u1ed0NG TH\u00c9P D\u1ea6U KH\u00cd - PV PIPE<\/span>\n\n\t\t\t\t\t\t\t\t\t\t\t<\/div>\n\t\t\t\t<\/a>\n\t\t\t<\/li>\n\t\t\t\t\t<li class=\"elementor-icon-list-item\">\n\t\t\t\t<a href=\"https:\/\/pvpipe.vn\/en\/lo-b-o-mon-pv-pipe-san-xuat-ong-thep-goi-pc1-4354\" >\n\t\t\t\t\t<img fetchpriority=\"high\" decoding=\"async\" width=\"800\" height=\"534\" src=\"https:\/\/pvpipe.vn\/wp-content\/uploads\/2025\/10\/image-4-1024x683.png\" class=\"attachment-large size-large wp-post-image\" alt=\"\" srcset=\"https:\/\/pvpipe.vn\/wp-content\/uploads\/2025\/10\/image-4-1024x683.png 1024w, https:\/\/pvpipe.vn\/wp-content\/uploads\/2025\/10\/image-4-300x200.png 300w, https:\/\/pvpipe.vn\/wp-content\/uploads\/2025\/10\/image-4-768x512.png 768w, https:\/\/pvpipe.vn\/wp-content\/uploads\/2025\/10\/image-4-1536x1024.png 1536w, https:\/\/pvpipe.vn\/wp-content\/uploads\/2025\/10\/image-4-18x12.png 18w, https:\/\/pvpipe.vn\/wp-content\/uploads\/2025\/10\/image-4.png 1759w\" sizes=\"(max-width: 800px) 100vw, 800px\" \/>\t\t\t\t\t<div class=\"ekit_post_list_content_wraper\">\n\t\t\t\t\t\t\n\t\t\t\t\t\t<span class=\"elementor-icon-list-text\">PV PIPE Ch\u00ednh Th\u1ee9c S\u1ea3n Xu\u1ea5t \u1ed0ng Th\u00e9p G\u00f3i PC1 Cho Si\u00eau D\u1ef1 \u00c1n \u0110\u01b0\u1eddng \u1ed0ng D\u1eabn Kh\u00ed L\u00f4 B \u2013 \u00d4 M\u00f4n<\/span>\n\n\t\t\t\t\t\t\t\t\t\t\t<\/div>\n\t\t\t\t<\/a>\n\t\t\t<\/li>\n\t\t\t\t\t<li class=\"elementor-icon-list-item\">\n\t\t\t\t<a href=\"https:\/\/pvpipe.vn\/en\/cong-bo-thong-tin-moi-truong-dot-3-nam-2025-4344\" >\n\t\t\t\t\t\t\t\t\t\t<div class=\"ekit_post_list_content_wraper\">\n\t\t\t\t\t\t\n\t\t\t\t\t\t<span class=\"elementor-icon-list-text\">C\u00f4ng Ty C\u1ed5 Ph\u1ea7n S\u1ea3n Xu\u1ea5t \u1ed0ng Th\u00e9p D\u1ea7u kh\u00ed Vi\u1ec7t Nam c\u00f4ng b\u1ed1 th\u00f4ng tin m\u00f4i tr\u01b0\u1eddng \u0111\u1ee3t 3 n\u0103m 2025<\/span>\n\n\t\t\t\t\t\t\t\t\t\t\t<\/div>\n\t\t\t\t<\/a>\n\t\t\t<\/li>\n\t\t\t\t\t<li class=\"elementor-icon-list-item\">\n\t\t\t\t<a href=\"https:\/\/pvpipe.vn\/en\/pv-pipe-nexteel-hop-tac-nganh-ong-thep-4291\" >\n\t\t\t\t\t<img decoding=\"async\" width=\"800\" height=\"398\" src=\"https:\/\/pvpipe.vn\/wp-content\/uploads\/2025\/02\/image-2-1024x510.png\" class=\"attachment-large size-large wp-post-image\" alt=\"\" srcset=\"https:\/\/pvpipe.vn\/wp-content\/uploads\/2025\/02\/image-2-1024x510.png 1024w, https:\/\/pvpipe.vn\/wp-content\/uploads\/2025\/02\/image-2-300x149.png 300w, https:\/\/pvpipe.vn\/wp-content\/uploads\/2025\/02\/image-2-768x382.png 768w, https:\/\/pvpipe.vn\/wp-content\/uploads\/2025\/02\/image-2-1536x764.png 1536w, https:\/\/pvpipe.vn\/wp-content\/uploads\/2025\/02\/image-2-2048x1019.png 2048w, https:\/\/pvpipe.vn\/wp-content\/uploads\/2025\/02\/image-2-18x9.png 18w\" sizes=\"(max-width: 800px) 100vw, 800px\" \/>\t\t\t\t\t<div class=\"ekit_post_list_content_wraper\">\n\t\t\t\t\t\t\n\t\t\t\t\t\t<span class=\"elementor-icon-list-text\">PV PIPE v\u00e0 NEXTEEL: B\u01b0\u1edbc Nh\u1ea3y V\u1ecdt Trong H\u1ee3p T\u00e1c Qu\u1ed1c T\u1ebf Ng\u00e0nh \u1ed0ng Th\u00e9p D\u1ea7u Kh\u00ed<\/span>\n\n\t\t\t\t\t\t\t\t\t\t\t<\/div>\n\t\t\t\t<\/a>\n\t\t\t<\/li>\n\t\t\t\t\t<li class=\"elementor-icon-list-item\">\n\t\t\t\t<a href=\"https:\/\/pvpipe.vn\/en\/pv-pipe-khoi-dong-nam-moi-quyet-tam-vuot-muc-tieu-4297\" >\n\t\t\t\t\t<img decoding=\"async\" width=\"800\" height=\"507\" src=\"https:\/\/pvpipe.vn\/wp-content\/uploads\/2025\/02\/image-7-1024x649.png\" class=\"attachment-large size-large wp-post-image\" alt=\"\" srcset=\"https:\/\/pvpipe.vn\/wp-content\/uploads\/2025\/02\/image-7-1024x649.png 1024w, https:\/\/pvpipe.vn\/wp-content\/uploads\/2025\/02\/image-7-300x190.png 300w, https:\/\/pvpipe.vn\/wp-content\/uploads\/2025\/02\/image-7-768x487.png 768w, https:\/\/pvpipe.vn\/wp-content\/uploads\/2025\/02\/image-7-18x12.png 18w, https:\/\/pvpipe.vn\/wp-content\/uploads\/2025\/02\/image-7.png 1101w\" sizes=\"(max-width: 800px) 100vw, 800px\" \/>\t\t\t\t\t<div class=\"ekit_post_list_content_wraper\">\n\t\t\t\t\t\t\n\t\t\t\t\t\t<span class=\"elementor-icon-list-text\">PV PIPE KH\u1edeI \u0110\u1ed8NG N\u0102M M\u1edaI \u2013 QUY\u1ebeT T\u00c2M V\u01af\u1ee2T M\u1ee4C TI\u00caU<\/span>\n\n\t\t\t\t\t\t\t\t\t\t\t<\/div>\n\t\t\t\t<\/a>\n\t\t\t<\/li>\n\t\t\t\t<\/ul>\n\t\t<\/div>\t\t<\/div>\n\t\t\t\t<\/div>\n\t\t\t\t<\/div>\n\t\t\t\t\t<\/div>\n\t\t\t\t<\/div>\n\t\t\t\t\t<\/div>\n\t\t\t\t<\/div>\n\t\t\t\t<\/div>","protected":false},"excerpt":{"rendered":"<p>CH\u1ebe T\u1ea0O C\u1ea4U KI\u1ec6N NG\u00c0NH D\u1ea6U KH\u00cd Home PV PIPE ch\u1ebf t\u1ea1o c\u00e1c ph\u1ee5 ki\u1ec7n \u0111\u01b0\u1ee3c s\u1eed d\u1ee5ng trong ng\u00e0nh D\u1ea7u kh\u00ed d\u1ef1a tr\u00ean y\u00eau c\u1ea7u c\u1ee7a kh\u00e1ch h\u00e0ng. \u1ed0ng th\u00e9p\u00a0h\u00e0n th\u1eb3ng h\u1ed3 quang ch\u00ecm Ch\u1ebf t\u1ea1o c\u1ea5u ki\u1ec7n cho ng\u00e0nh d\u1ea7u kh\u00ed Thi c\u00f4ng l\u1eafp \u0111\u1eb7t thi\u1ebft b\u1ecb trong ng\u00e0nh d\u1ea7u kh\u00ed D\u1ecbch v\u1ee5 [&hellip;]<\/p>","protected":false},"author":1,"featured_media":0,"parent":354,"menu_order":0,"comment_status":"closed","ping_status":"closed","template":"","meta":{"_acf_changed":false,"_monsterinsights_skip_tracking":false,"_monsterinsights_sitenote_active":false,"_monsterinsights_sitenote_note":"","_monsterinsights_sitenote_category":0,"footnotes":""},"class_list":["post-749","page","type-page","status-publish","hentry"],"acf":[],"_links":{"self":[{"href":"https:\/\/pvpipe.vn\/en\/wp-json\/wp\/v2\/pages\/749","targetHints":{"allow":["GET"]}}],"collection":[{"href":"https:\/\/pvpipe.vn\/en\/wp-json\/wp\/v2\/pages"}],"about":[{"href":"https:\/\/pvpipe.vn\/en\/wp-json\/wp\/v2\/types\/page"}],"author":[{"embeddable":true,"href":"https:\/\/pvpipe.vn\/en\/wp-json\/wp\/v2\/users\/1"}],"replies":[{"embeddable":true,"href":"https:\/\/pvpipe.vn\/en\/wp-json\/wp\/v2\/comments?post=749"}],"version-history":[{"count":0,"href":"https:\/\/pvpipe.vn\/en\/wp-json\/wp\/v2\/pages\/749\/revisions"}],"up":[{"embeddable":true,"href":"https:\/\/pvpipe.vn\/en\/wp-json\/wp\/v2\/pages\/354"}],"wp:attachment":[{"href":"https:\/\/pvpipe.vn\/en\/wp-json\/wp\/v2\/media?parent=749"}],"curies":[{"name":"wp","href":"https:\/\/api.w.org\/{rel}","templated":true}]}}