{"id":443,"date":"2023-12-24T09:03:03","date_gmt":"2023-12-24T09:03:03","guid":{"rendered":"https:\/\/pvoil.untitledbigtechcompany.com\/?page_id=443"},"modified":"2024-08-21T20:13:00","modified_gmt":"2024-08-21T20:13:00","slug":"tin-tuc","status":"publish","type":"page","link":"https:\/\/pvpipe.vn\/en\/news","title":{"rendered":"News"},"content":{"rendered":"<div data-elementor-type=\"wp-page\" data-elementor-id=\"443\" class=\"elementor elementor-443\" data-elementor-post-type=\"page\">\n\t\t\t\t<div class=\"elementor-element elementor-element-af1e772 e-con-full e-flex e-con e-parent\" data-id=\"af1e772\" data-element_type=\"container\" data-settings=\"{&quot;ekit_has_onepagescroll_dot&quot;:&quot;yes&quot;}\">\n\t\t<div data-ekit-particles-enable=\"yes\" class=\"ekit-particles elementor-element elementor-element-a2adc9d e-flex e-con-boxed e-con e-child\" data-ekit-particles=\"https:\/\/pvpipe.vn\/wp-content\/plugins\/elementskit\/modules\/particles\/assets\/json\/default.json\" data-ekit-particles-type=\"preset\" data-id=\"a2adc9d\" data-element_type=\"container\" data-settings=\"{&quot;background_background&quot;:&quot;classic&quot;,&quot;ekit_has_onepagescroll_dot&quot;:&quot;yes&quot;}\">\n\t\t\t\t\t<div class=\"e-con-inner\">\n\t\t\t\t<div class=\"elementor-element elementor-element-ceb1d51 elementor-widget elementor-widget-heading\" data-id=\"ceb1d51\" data-element_type=\"widget\" data-settings=\"{&quot;ekit_we_effect_on&quot;:&quot;none&quot;}\" data-widget_type=\"heading.default\">\n\t\t\t\t<div class=\"elementor-widget-container\">\n\t\t\t<h2 class=\"elementor-heading-title elementor-size-default\">News<\/h2>\t\t<\/div>\n\t\t\t\t<\/div>\n\t\t\t\t\t<\/div>\n\t\t\t\t<\/div>\n\t\t\t\t<\/div>\n\t\t<div class=\"elementor-element elementor-element-aa044dd e-flex e-con-boxed e-con e-parent\" data-id=\"aa044dd\" data-element_type=\"container\" data-settings=\"{&quot;ekit_has_onepagescroll_dot&quot;:&quot;yes&quot;}\">\n\t\t\t\t\t<div class=\"e-con-inner\">\n\t\t\t\t<div class=\"elementor-element elementor-element-7251a30 elementor-widget elementor-widget-elementskit-breadcrumb\" data-id=\"7251a30\" data-element_type=\"widget\" data-settings=\"{&quot;ekit_we_effect_on&quot;:&quot;none&quot;}\" data-widget_type=\"elementskit-breadcrumb.default\">\n\t\t\t\t<div class=\"elementor-widget-container\">\n\t\t\t<div class=\"ekit-wid-con\" ><ol class=\"ekit-breadcrumb\"><li class=\"ekit_breadcrumbs_start\"><a href=\"https:\/\/pvpipe.vn\/en\">Home<\/a><\/li><\/ol><\/div>\t\t<\/div>\n\t\t\t\t<\/div>\n\t\t\t\t<div class=\"elementor-element elementor-element-d5abc22 elementor-widget elementor-widget-elementskit-blog-posts\" data-id=\"d5abc22\" data-element_type=\"widget\" data-settings=\"{&quot;ekit_we_effect_on&quot;:&quot;none&quot;}\" data-widget_type=\"elementskit-blog-posts.default\">\n\t\t\t\t<div class=\"elementor-widget-container\">\n\t\t\t<div class=\"ekit-wid-con\" >\n        <div id=\"post-items--d5abc22\" class=\"row post-items ekit-blog-posts-content wihout-masonry\" data-enable=\"no\">\n\n\t\t\t<!-- Blog Carousel markup render -->\n\t\t\t\n\n            <div class=\"col-md-12\">\n\n                                    <div class=\"elementskit-blog-block-post\">\n                        <div class=\"row no-gutters\">\n                            \n                            <div class=\"col-md-12 order-2\">\n                                <div class=\"elementskit-post-body\">\n                                    <div class=\"elementskit-entry-header\">\n                                        \n                                                                                                                                        \n                                            \n                                            \t\t\t\t\t\t\t\t\t\t\t\t                <h2 class=\"entry-title\">\n                    <a href=\"https:\/\/pvpipe.vn\/en\/hoi-nghi-nguoi-lao-dong-2025-tai-pvpipe-4385\">\n                            TH\u00d4NG TIN CH\u01af\u01a0NG TR\u00ccNH H\u1ed8I NGH\u1eca NG\u01af\u1edcI LAO \u0110\u1ed8NG 2025 T\u1ea0I C\u00d4NG TY C\u1ed4 PH\u1ea6N S\u1ea2N XU\u1ea4T \u1ed0NG TH\u00c9P D\u1ea6U KH\u00cd &#8211; PV PIPE                    <\/a>\n                <\/h2>\n                                                                                                <\/div><!-- .elementskit-entry-header END -->\n\n                                                                            <div class=\"elementskit-post-footer\">\n                                            \t\t\t\t\t\t\t\t\t\t\t\t<p><\/p>\n                                                                                                                                <\/div><!-- .elementskit-post-footer END -->\n                                                                    <\/div><!-- .elementskit-post-body END -->\n                            <\/div>\n                        <\/div>\n                    <\/div><!-- .elementskit-blog-block-post .radius .gradient-bg END -->\n                \n            <\/div>\t\t\t\t\n\n            <div class=\"col-md-12\">\n\n                                    <div class=\"elementskit-blog-block-post\">\n                        <div class=\"row no-gutters\">\n                                                            <div class=\"col-md-6 order-1\">\n                                    <a href=\"https:\/\/pvpipe.vn\/en\/lo-b-o-mon-pv-pipe-san-xuat-ong-thep-goi-pc1-4354\" class=\"elementskit-entry-thumb\">\n                                        <img decoding=\"async\" src=\"https:\/\/pvpipe.vn\/wp-content\/uploads\/2025\/10\/image-4-768x512.png\" alt=\"PV PIPE Ch\u00ednh Th\u1ee9c S\u1ea3n Xu\u1ea5t \u1ed0ng Th\u00e9p G\u00f3i PC1 Cho Si\u00eau D\u1ef1 \u00c1n \u0110\u01b0\u1eddng \u1ed0ng D\u1eabn Kh\u00ed L\u00f4 B \u2013 \u00d4 M\u00f4n\">\n                                    <\/a><!-- .elementskit-entry-thumb END -->\n                                <\/div>\n                            \n                            <div class=\"col-md-6 order-2\">\n                                <div class=\"elementskit-post-body\">\n                                    <div class=\"elementskit-entry-header\">\n                                        \n                                                                                                                                        \n                                            \n                                            \t\t\t\t\t\t\t\t\t\t\t\t                <h2 class=\"entry-title\">\n                    <a href=\"https:\/\/pvpipe.vn\/en\/lo-b-o-mon-pv-pipe-san-xuat-ong-thep-goi-pc1-4354\">\n                            PV PIPE Ch\u00ednh Th\u1ee9c S\u1ea3n Xu\u1ea5t \u1ed0ng Th\u00e9p G\u00f3i PC1 Cho Si\u00eau D\u1ef1 \u00c1n \u0110\u01b0\u1eddng \u1ed0ng D\u1eabn Kh\u00ed L\u00f4 B \u2013 \u00d4 M\u00f4n                    <\/a>\n                <\/h2>\n                                                                                                <\/div><!-- .elementskit-entry-header END -->\n\n                                                                            <div class=\"elementskit-post-footer\">\n                                            \t\t\t\t\t\t\t\t\t\t\t\t<p>V\u1eeba qua, t\u1ea1i nh\u00e0 m\u00e1y c\u1ee7a C\u00f4ng ty C\u1ed5 ph\u1ea7n S\u1ea3n xu\u1ea5t \u1ed0ng th\u00e9p D\u1ea7u kh\u00ed Vi\u1ec7t Nam (PV PIPE), L\u1ec5 ph\u00e1t l\u1ec7nh s\u1ea3n xu\u1ea5t \u1ed1ng th\u00e9p \u0111\u1ea7u ti\u00ean cho g\u00f3i th\u1ea7u PC1 (Offshore Pipeline &#8211; Shallow Water Section) thu\u1ed9c D\u1ef1 \u00e1n \u0110\u01b0\u1eddng \u1ed1ng d\u1eabn kh\u00ed L\u00f4 B \u2013 \u00d4 M\u00f4n \u0111\u00e3 \u0111\u01b0\u1ee3c t\u1ed5 ch\u1ee9c [&hellip;]<\/p>\n                                                                                                                                <\/div><!-- .elementskit-post-footer END -->\n                                                                    <\/div><!-- .elementskit-post-body END -->\n                            <\/div>\n                        <\/div>\n                    <\/div><!-- .elementskit-blog-block-post .radius .gradient-bg END -->\n                \n            <\/div>\t\t\t\t\n\n            <div class=\"col-md-12\">\n\n                                    <div class=\"elementskit-blog-block-post\">\n                        <div class=\"row no-gutters\">\n                            \n                            <div class=\"col-md-6 order-2\">\n                                <div class=\"elementskit-post-body\">\n                                    <div class=\"elementskit-entry-header\">\n                                        \n                                                                                                                                        \n                                            \n                                            \t\t\t\t\t\t\t\t\t\t\t\t                <h2 class=\"entry-title\">\n                    <a href=\"https:\/\/pvpipe.vn\/en\/cong-bo-thong-tin-moi-truong-dot-3-nam-2025-4344\">\n                            C\u00f4ng Ty C\u1ed5 Ph\u1ea7n S\u1ea3n Xu\u1ea5t \u1ed0ng Th\u00e9p D\u1ea7u kh\u00ed Vi\u1ec7t Nam c\u00f4ng b\u1ed1 th\u00f4ng tin m\u00f4i tr\u01b0\u1eddng \u0111\u1ee3t 3 n\u0103m 2025                    <\/a>\n                <\/h2>\n                                                                                                <\/div><!-- .elementskit-entry-header END -->\n\n                                                                            <div class=\"elementskit-post-footer\">\n                                            \t\t\t\t\t\t\t\t\t\t\t\t<p>C\u00f4ng ty C\u1ed5 ph\u1ea7n s\u1ea3n xu\u1ea5t \u1ed0ng th\u00e9p D\u1ea7u kh\u00ed Vi\u1ec7t Nam (PVPIPE) l\u00e0 \u0111\u01a1n v\u1ecb th\u00e0nh vi\u00ean c\u1ee7a T\u1ed5ng c\u00f4ng ty kh\u00ed Vi\u1ec7t Nam \u2013 CTCP (PV GAS) c\u00f3 tr\u1ee5 s\u1edf t\u1ea1i Khu C\u00f4ng nghi\u1ec7p d\u1ecbch v\u1ee5 D\u1ea7u kh\u00ed So\u00e0i R\u1ea1p, x\u00e3 Gia Thu\u1eadn, t\u1ec9nh \u0110\u1ed3ng Th\u00e1p.C\u00f4ng ty C\u1ed5 ph\u1ea7n s\u1ea3n xu\u1ea5t \u1ed0ng th\u00e9p [&hellip;]<\/p>\n                                                                                                                                <\/div><!-- .elementskit-post-footer END -->\n                                                                    <\/div><!-- .elementskit-post-body END -->\n                            <\/div>\n                        <\/div>\n                    <\/div><!-- .elementskit-blog-block-post .radius .gradient-bg END -->\n                \n            <\/div>\t\t\t\t\n\n            <div class=\"col-md-12\">\n\n                                    <div class=\"elementskit-blog-block-post\">\n                        <div class=\"row no-gutters\">\n                                                            <div class=\"col-md-6 order-1\">\n                                    <a href=\"https:\/\/pvpipe.vn\/en\/pv-pipe-nexteel-hop-tac-nganh-ong-thep-4291\" class=\"elementskit-entry-thumb\">\n                                        <img decoding=\"async\" src=\"https:\/\/pvpipe.vn\/wp-content\/uploads\/2025\/02\/image-2-768x382.png\" alt=\"PV PIPE v\u00e0 NEXTEEL: B\u01b0\u1edbc Nh\u1ea3y V\u1ecdt Trong H\u1ee3p T\u00e1c Qu\u1ed1c T\u1ebf Ng\u00e0nh \u1ed0ng Th\u00e9p D\u1ea7u Kh\u00ed\">\n                                    <\/a><!-- .elementskit-entry-thumb END -->\n                                <\/div>\n                            \n                            <div class=\"col-md-6 order-2\">\n                                <div class=\"elementskit-post-body\">\n                                    <div class=\"elementskit-entry-header\">\n                                        \n                                                                                                                                        \n                                            \n                                            \t\t\t\t\t\t\t\t\t\t\t\t                <h2 class=\"entry-title\">\n                    <a href=\"https:\/\/pvpipe.vn\/en\/pv-pipe-nexteel-hop-tac-nganh-ong-thep-4291\">\n                            PV PIPE v\u00e0 NEXTEEL: B\u01b0\u1edbc Nh\u1ea3y V\u1ecdt Trong H\u1ee3p T\u00e1c Qu\u1ed1c T\u1ebf Ng\u00e0nh \u1ed0ng Th\u00e9p D\u1ea7u Kh\u00ed                    <\/a>\n                <\/h2>\n                                                                                                <\/div><!-- .elementskit-entry-header END -->\n\n                                                                            <div class=\"elementskit-post-footer\">\n                                            \t\t\t\t\t\t\t\t\t\t\t\t<p>Ng\u00e0y 20 th\u00e1ng 2 n\u0103m 2025, t\u1ea1i tr\u1ee5 s\u1edf PV GAS \u1edf Th\u00e0nh ph\u1ed1 H\u1ed3 Ch\u00ed Minh, C\u00f4ng ty C\u1ed5 ph\u1ea7n S\u1ea3n xu\u1ea5t \u1ed1ng th\u00e9p D\u1ea7u kh\u00ed Vi\u1ec7t Nam (PV PIPE) \u0111\u00e3 ch\u00ednh th\u1ee9c k\u00fd k\u1ebft Th\u1ecfa thu\u1eadn H\u1ee3p t\u00e1c To\u00e0n di\u1ec7n (MOA) v\u1edbi C\u00f4ng ty NEXTEEL Co., Ltd, m\u1ed9t trong nh\u1eefng nh\u00e0 s\u1ea3n xu\u1ea5t [&hellip;]<\/p>\n                                                                                                                                <\/div><!-- .elementskit-post-footer END -->\n                                                                    <\/div><!-- .elementskit-post-body END -->\n                            <\/div>\n                        <\/div>\n                    <\/div><!-- .elementskit-blog-block-post .radius .gradient-bg END -->\n                \n            <\/div>\t\t\t\t\n\n            <div class=\"col-md-12\">\n\n                                    <div class=\"elementskit-blog-block-post\">\n                        <div class=\"row no-gutters\">\n                                                            <div class=\"col-md-6 order-1\">\n                                    <a href=\"https:\/\/pvpipe.vn\/en\/pv-pipe-khoi-dong-nam-moi-quyet-tam-vuot-muc-tieu-4297\" class=\"elementskit-entry-thumb\">\n                                        <img decoding=\"async\" src=\"https:\/\/pvpipe.vn\/wp-content\/uploads\/2025\/02\/image-7-768x487.png\" alt=\"PV PIPE KH\u1edeI \u0110\u1ed8NG N\u0102M M\u1edaI \u2013 QUY\u1ebeT T\u00c2M V\u01af\u1ee2T M\u1ee4C TI\u00caU\">\n                                    <\/a><!-- .elementskit-entry-thumb END -->\n                                <\/div>\n                            \n                            <div class=\"col-md-6 order-2\">\n                                <div class=\"elementskit-post-body\">\n                                    <div class=\"elementskit-entry-header\">\n                                        \n                                                                                                                                        \n                                            \n                                            \t\t\t\t\t\t\t\t\t\t\t\t                <h2 class=\"entry-title\">\n                    <a href=\"https:\/\/pvpipe.vn\/en\/pv-pipe-khoi-dong-nam-moi-quyet-tam-vuot-muc-tieu-4297\">\n                            PV PIPE KH\u1edeI \u0110\u1ed8NG N\u0102M M\u1edaI \u2013 QUY\u1ebeT T\u00c2M V\u01af\u1ee2T M\u1ee4C TI\u00caU                    <\/a>\n                <\/h2>\n                                                                                                <\/div><!-- .elementskit-entry-header END -->\n\n                                                                            <div class=\"elementskit-post-footer\">\n                                            \t\t\t\t\t\t\t\t\t\t\t\t<p>S\u00e1ng ng\u00e0y 03\/02\/2025, C\u00f4ng ty C\u1ed5 ph\u1ea7n S\u1ea3n xu\u1ea5t \u1ed0ng th\u00e9p D\u1ea7u kh\u00ed Vi\u1ec7t Nam (PV PIPE) \u0111\u00e3 t\u1ed5 ch\u1ee9c L\u1ec5 ph\u00e1t \u0111\u1ed9ng s\u1ea3n xu\u1ea5t \u0111\u1ea7u n\u0103m trong kh\u00f4ng kh\u00ed h\u1ee9ng kh\u1edfi v\u00e0 s\u00f4i n\u1ed5i. S\u1ef1 ki\u1ec7n thu h\u00fat s\u1ef1 tham gia c\u1ee7a g\u1ea7n 300 c\u00e1n b\u1ed9, c\u00f4ng nh\u00e2n vi\u00ean (CBCNV), c\u00f9ng v\u1edbi s\u1ef1 hi\u1ec7n [&hellip;]<\/p>\n                                                                                                                                <\/div><!-- .elementskit-post-footer END -->\n                                                                    <\/div><!-- .elementskit-post-body END -->\n                            <\/div>\n                        <\/div>\n                    <\/div><!-- .elementskit-blog-block-post .radius .gradient-bg END -->\n                \n            <\/div>\t\t\t\t        <\/div>\n        \n        \n                    <div \n            data-ekit-blog-post-style=\"numbered\"\n            class=\"ekit-blog-post-pagination-container ekit-blog-post-pagination-style-numbered\" \n            id=\"post-nagivation--d5abc22\">\n                <span aria-current=\"page\" class=\"page-numbers current\">1<\/span>\n<a class=\"page-numbers\" href=\"https:\/\/pvpipe.vn\/en\/wp-json\/wp\/v2\/pages\/443\/?ekit-blog-posts-paged=2\">2<\/a>\n<a class=\"page-numbers\" href=\"https:\/\/pvpipe.vn\/en\/wp-json\/wp\/v2\/pages\/443\/?ekit-blog-posts-paged=3\">3<\/a>\n<span class=\"page-numbers dots\">&hellip;<\/span>\n<a class=\"page-numbers\" href=\"https:\/\/pvpipe.vn\/en\/wp-json\/wp\/v2\/pages\/443\/?ekit-blog-posts-paged=12\">12<\/a>\n<a class=\"next page-numbers\" href=\"https:\/\/pvpipe.vn\/en\/wp-json\/wp\/v2\/pages\/443\/?ekit-blog-posts-paged=2\">Next<\/a>            <\/div>\n\n            <\/div>\t\t<\/div>\n\t\t\t\t<\/div>\n\t\t\t\t\t<\/div>\n\t\t\t\t<\/div>\n\t\t\t\t<\/div>","protected":false},"excerpt":{"rendered":"<p>Home Petrovietnam: \u0110\u1ed1i Ph\u00f3 V\u1edbi Kh\u00f3 Kh\u0103n v\u00e0 \u0110\u1ea1t K\u1ebft Qu\u1ea3 Kh\u1ea3 Quan Trong Th\u00e1ng 7 Trong th\u00e1ng 7\/2024, T\u1eadp \u0111o\u00e0n D\u1ea7u kh\u00ed Vi\u1ec7t Nam (Petrovietnam) \u0111\u00e3 ghi nh\u1eadn nh\u1eefng k\u1ebft qu\u1ea3 kh\u1ea3 quan m\u1eb7c d\u00f9 ph\u1ea3i \u0111\u1ed1i m\u1eb7t v\u1edbi nhi\u1ec1u th\u00e1ch th\u1ee9c t\u1eeb th\u1ecb tr\u01b0\u1eddng. Di\u1ec5n bi\u1ebfn b\u1ea5t l\u1ee3i c\u1ee7a th\u1ecb tr\u01b0\u1eddng \u0111\u00e3 \u1ea3nh [&hellip;] <\/p>","protected":false},"author":1,"featured_media":0,"parent":0,"menu_order":0,"comment_status":"closed","ping_status":"closed","template":"","meta":{"_acf_changed":false,"_monsterinsights_skip_tracking":false,"_monsterinsights_sitenote_active":false,"_monsterinsights_sitenote_note":"","_monsterinsights_sitenote_category":0,"footnotes":""},"class_list":["post-443","page","type-page","status-publish","hentry"],"acf":[],"_links":{"self":[{"href":"https:\/\/pvpipe.vn\/en\/wp-json\/wp\/v2\/pages\/443","targetHints":{"allow":["GET"]}}],"collection":[{"href":"https:\/\/pvpipe.vn\/en\/wp-json\/wp\/v2\/pages"}],"about":[{"href":"https:\/\/pvpipe.vn\/en\/wp-json\/wp\/v2\/types\/page"}],"author":[{"embeddable":true,"href":"https:\/\/pvpipe.vn\/en\/wp-json\/wp\/v2\/users\/1"}],"replies":[{"embeddable":true,"href":"https:\/\/pvpipe.vn\/en\/wp-json\/wp\/v2\/comments?post=443"}],"version-history":[{"count":0,"href":"https:\/\/pvpipe.vn\/en\/wp-json\/wp\/v2\/pages\/443\/revisions"}],"wp:attachment":[{"href":"https:\/\/pvpipe.vn\/en\/wp-json\/wp\/v2\/media?parent=443"}],"curies":[{"name":"wp","href":"https:\/\/api.w.org\/{rel}","templated":true}]}}